{"id":11812,"date":"2016-06-22T08:18:13","date_gmt":"2016-06-22T08:18:13","guid":{"rendered":"http:\/\/template.cmsmasters.net\/?page_id=11812"},"modified":"2022-02-15T17:59:25","modified_gmt":"2022-02-15T17:59:25","slug":"dogadjanja","status":"publish","type":"page","link":"https:\/\/beta.river-pub.hr\/index.php\/dogadjanja\/","title":{"rendered":"Doga\u0111anja"},"content":{"rendered":"<div id=\"cmsmasters_row_f05b368257\" class=\"cmsmasters_row cmsmasters_color_scheme_default cmsmasters_row_top_default cmsmasters_row_bot_default cmsmasters_row_boxed\">\n<div class=\"cmsmasters_row_outer_parent\">\n<div class=\"cmsmasters_row_outer\">\n<div class=\"cmsmasters_row_inner\">\n<div class=\"cmsmasters_row_margin\">\n<div id=\"cmsmasters_column_38edf3e782\" class=\"cmsmasters_column one_first\">\n<div class=\"cmsmasters_column_inner\"><div id=\"cmsmasters_heading_75611fc483\" class=\"cmsmasters_heading_wrap cmsmasters_heading_align_center\">\n\t<h5 class=\"cmsmasters_heading\">Zabava u River Pubu<\/h5>\n<\/div><div id=\"cmsmasters_fb_cdf91e8e5d\" class=\"cmsmasters_featured_block\">\n<div class=\"featured_block_inner\">\n<div class=\"featured_block_text\">\n<p style=\"text-align: center;\"><span style=\"color: #392d28; font-size: 20px; line-height: 34px;\">U RIVER PUBU se organiziraju ve\u010deri zabave, uz vrhunski izbor glazbe, nastupe razli\u010ditih bendova, promocije vina i hrane, PUB quizove, modne revije, STAND UP nastupe i jo\u0161 mnogo toga. Rezervirajte svoje mjesto na\u00a0vrijeme, jer garantiramo dobar provod i zabavu.<br \/>\n<\/span><\/p>\n\n<\/div>\n<\/div>\n<\/div>\n<\/div><\/div>\n<\/div>\n<\/div>\n<\/div>\n<\/div>\n<\/div>\n<div id=\"cmsmasters_row_2545f83eed\" class=\"cmsmasters_row cmsmasters_color_scheme_default cmsmasters_row_top_default cmsmasters_row_bot_default cmsmasters_row_boxed\">\n<div class=\"cmsmasters_row_outer_parent\">\n<div class=\"cmsmasters_row_outer\">\n<div class=\"cmsmasters_row_inner\">\n<div class=\"cmsmasters_row_margin\">\n<div id=\"cmsmasters_column_4c4aadc1b2\" class=\"cmsmasters_column one_third\">\n<div class=\"cmsmasters_column_inner\"><div class=\"cmsmasters_img  cmsmasters_image_n\"><img decoding=\"async\" src=\"https:\/\/beta.river-pub.hr\/wp-content\/uploads\/layerslider\/projects\/Shortcode-Slider\/05-1160x770.jpg\" \/><\/div><div id=\"cmsmasters_heading_720998f1f8\" class=\"cmsmasters_heading_wrap cmsmasters_heading_align_left\">\n\t<h2 class=\"cmsmasters_heading\">PUB QUIZ<\/h2>\n<\/div><div class=\"cmsmasters_text\">\n<p><span style=\"color: #483b36; font-size: 15px; line-height: 26px;\">Tjedno imamo PUB QUIZ<br \/>\n<\/span><\/p>\n<\/div>\n<\/div><\/div>\n<div id=\"cmsmasters_column_7de91547e9\" class=\"cmsmasters_column one_third\">\n<div class=\"cmsmasters_column_inner\"><div class=\"cmsmasters_img  cmsmasters_image_n\"><img decoding=\"async\" src=\"https:\/\/beta.river-pub.hr\/wp-content\/uploads\/2017\/05\/03-1160x770.jpg\" \/><\/div><div id=\"cmsmasters_heading_6b45f6e498\" class=\"cmsmasters_heading_wrap cmsmasters_heading_align_left\">\n\t<h2 class=\"cmsmasters_heading\">Glazba u\u017eivo<\/h2>\n<\/div><div class=\"cmsmasters_text\">\n<p><span style=\"color: #483b36; font-size: 15px; line-height: 26px;\">Najbolji glazbenici za VAs- Ovhde mi treba tekst<br \/>\n<\/span><\/p>\n<\/div>\n<\/div><\/div>\n<div id=\"cmsmasters_column_92ddd544a2\" class=\"cmsmasters_column one_third\">\n<div class=\"cmsmasters_column_inner\"><div class=\"cmsmasters_img  cmsmasters_image_n\"><img decoding=\"async\" src=\"https:\/\/beta.river-pub.hr\/wp-content\/uploads\/2017\/05\/03-1160x770.jpg\" \/><\/div><div id=\"cmsmasters_heading_8e0a8876f9\" class=\"cmsmasters_heading_wrap cmsmasters_heading_align_left\">\n\t<h2 class=\"cmsmasters_heading\">Modne revije<\/h2>\n<\/div><div class=\"cmsmasters_text\">\n<p><span style=\"color: #483b36; font-size: 15px; line-height: 26px;\">River Pub je uz modu<br \/>\n<\/span><\/p>\n<\/div>\n<\/div><\/div>\n<\/div>\n<\/div>\n<\/div>\n<\/div>\n<\/div>\n<div id=\"cmsmasters_row_579abcb829\" class=\"cmsmasters_row cmsmasters_color_scheme_default cmsmasters_row_top_default cmsmasters_row_bot_default cmsmasters_row_boxed\">\n<div class=\"cmsmasters_row_outer_parent\">\n<div class=\"cmsmasters_row_outer\">\n<div class=\"cmsmasters_row_inner\">\n<div class=\"cmsmasters_row_margin\">\n<div id=\"cmsmasters_column_12ce70a6d3\" class=\"cmsmasters_column one_third\">\n<div class=\"cmsmasters_column_inner\"><div class=\"cmsmasters_img  cmsmasters_image_n\"><img decoding=\"async\" src=\"https:\/\/beta.river-pub.hr\/wp-content\/uploads\/layerslider\/projects\/Shortcode-Slider\/04-1160x770.jpg\" \/><\/div><div id=\"cmsmasters_heading_7fa0af54f9\" class=\"cmsmasters_heading_wrap cmsmasters_heading_align_left\">\n\t<h2 class=\"cmsmasters_heading\">STAN UP nastupi<\/h2>\n<\/div><div class=\"cmsmasters_text\">\n<p><span style=\"color: #483b36; font-size: 15px; line-height: 26px;\">Zabavite se uz nastupe STAND UP komi\u010dara<br \/>\n<\/span><\/p>\n<\/div>\n<\/div><\/div>\n<div id=\"cmsmasters_column_771719ad51\" class=\"cmsmasters_column one_third\">\n<div class=\"cmsmasters_column_inner\"><div class=\"cmsmasters_img  cmsmasters_image_n\"><img decoding=\"async\" src=\"https:\/\/beta.river-pub.hr\/wp-content\/uploads\/2017\/05\/03-1160x770.jpg\" \/><\/div><div id=\"cmsmasters_heading_be2c541aa9\" class=\"cmsmasters_heading_wrap cmsmasters_heading_align_left\">\n\t<h2 class=\"cmsmasters_heading\">Promocije vina<\/h2>\n<\/div><div class=\"cmsmasters_text\">\n<p><span style=\"color: #483b36; font-size: 15px; line-height: 26px;\">Vinari vole promovirati svoja vina kod nas<br \/>\n<\/span><\/p>\n<\/div>\n<\/div><\/div>\n<div id=\"cmsmasters_column_6bd27d7dd3\" class=\"cmsmasters_column one_third\">\n<div class=\"cmsmasters_column_inner\"><div class=\"cmsmasters_img  cmsmasters_image_n\"><img decoding=\"async\" src=\"https:\/\/beta.river-pub.hr\/wp-content\/uploads\/2017\/05\/02-1160x770.jpg\" \/><\/div><div id=\"cmsmasters_heading_12274711a4\" class=\"cmsmasters_heading_wrap cmsmasters_heading_align_left\">\n\t<h2 class=\"cmsmasters_heading\">Neki dogadjaj<\/h2>\n<\/div><div class=\"cmsmasters_text\">\n<p><span style=\"color: #483b36; font-size: 15px; line-height: 26px;\">Tekst<\/span><\/p>\n<\/div>\n<\/div><\/div>\n<\/div>\n<\/div>\n<\/div>\n<\/div>\n<\/div>\n<div id=\"cmsmasters_row_eed713b88d\" class=\"cmsmasters_row cmsmasters_color_scheme_second cmsmasters_row_top_default cmsmasters_row_bot_default cmsmasters_row_boxed\">\n<div class=\"cmsmasters_row_outer_parent\">\n<div class=\"cmsmasters_row_outer\">\n<div class=\"cmsmasters_row_inner\">\n<div class=\"cmsmasters_row_margin\">\n<div id=\"cmsmasters_column_8a3bde1341\" class=\"cmsmasters_column one_half\">\n<div class=\"cmsmasters_column_inner\"><div id=\"cmsmasters_heading_03dd19d75a\" class=\"cmsmasters_heading_wrap cmsmasters_heading_align_left\">\n\t<h2 class=\"cmsmasters_heading\">Prijavite se za Newsletter<\/h2>\n<\/div>\n<\/div><\/div>\n<div id=\"cmsmasters_column_a4df5a3895\" class=\"cmsmasters_column one_half\">\n<div class=\"cmsmasters_column_inner\">\n<div class=\"cmsmasters_mailpoet\"><\/div>\n<\/div><\/div>\n<\/div>\n<\/div>\n<\/div>\n<\/div>\n<\/div>\n<div id=\"cmsmasters_row_59da0e45d8\" class=\"cmsmasters_row cmsmasters_color_scheme_default cmsmasters_row_top_default cmsmasters_row_bot_default cmsmasters_row_boxed\">\n<div class=\"cmsmasters_row_outer_parent\">\n<div class=\"cmsmasters_row_outer\">\n<div class=\"cmsmasters_row_inner\">\n<div class=\"cmsmasters_row_margin\">\n<div id=\"cmsmasters_column_a7598adcbe\" class=\"cmsmasters_column one_third\">\n<div class=\"cmsmasters_column_inner\"><div id=\"cmsmasters_heading_16ff9c8600\" class=\"cmsmasters_heading_wrap cmsmasters_heading_align_center\">\n\t<h5 class=\"cmsmasters_heading\">Rezervacija<\/h5>\n<\/div><div id=\"cmsmasters_heading_866be9e61c\" class=\"cmsmasters_heading_wrap cmsmasters_heading_align_center\">\n\t<h5 class=\"cmsmasters_heading\"><a href=\"mailto:#\">afterwork@river-pub.hr<\/a><\/h5>\n<\/div><div id=\"cmsmasters_heading_c2b09abb35\" class=\"cmsmasters_heading_wrap cmsmasters_heading_align_center\">\n\t<h5 class=\"cmsmasters_heading\">01 3020 777<\/h5>\n<\/div>\n<\/div><\/div>\n<div id=\"cmsmasters_column_dd998457bd\" class=\"cmsmasters_column one_third\">\n<div class=\"cmsmasters_column_inner\"><div id=\"cmsmasters_heading_cb2809b2bd\" class=\"cmsmasters_heading_wrap cmsmasters_heading_align_center\">\n\t<h5 class=\"cmsmasters_heading\">Radno vrijeme<\/h5>\n<\/div><div id=\"cmsmasters_heading_2cd3d2916a\" class=\"cmsmasters_heading_wrap cmsmasters_heading_align_center\">\n\t<h5 class=\"cmsmasters_heading\">Od 10,00 do 24,00 h svaki dan<\/h5>\n<\/div><div id=\"cmsmasters_heading_a45de836e7\" class=\"cmsmasters_heading_wrap cmsmasters_heading_align_center\">\n\t<h5 class=\"cmsmasters_heading\"><\/h5>\n<\/div>\n<\/div><\/div>\n<div id=\"cmsmasters_column_bef5f81ace\" class=\"cmsmasters_column one_third\">\n<div class=\"cmsmasters_column_inner\"><div id=\"cmsmasters_heading_90f4974670\" class=\"cmsmasters_heading_wrap cmsmasters_heading_align_center\">\n\t<h5 class=\"cmsmasters_heading\">Adresa<\/h5>\n<\/div><div id=\"cmsmasters_heading_6511f8c153\" class=\"cmsmasters_heading_wrap cmsmasters_heading_align_center\">\n\t<h5 class=\"cmsmasters_heading\">Jarunska 5, Zagreb<\/h5>\n<\/div><div id=\"cmsmasters_heading_dbceb2a667\" class=\"cmsmasters_heading_wrap cmsmasters_heading_align_center\">\n\t<h5 class=\"cmsmasters_heading\"><\/h5>\n<\/div>\n<\/div><\/div>\n<\/div>\n<\/div>\n<\/div>\n<\/div>\n<\/div>\n\n","protected":false},"excerpt":{"rendered":"","protected":false},"author":1,"featured_media":0,"parent":0,"menu_order":0,"comment_status":"closed","ping_status":"closed","template":"","meta":{"footnotes":""},"class_list":["post-11812","page","type-page","status-publish","hentry"],"yoast_head":"<!-- This site is optimized with the Yoast SEO plugin v18.0 - https:\/\/yoast.com\/wordpress\/plugins\/seo\/ -->\n<title>Doga\u0111anja - River Pub Zagreb<\/title>\n<meta name=\"robots\" content=\"index, follow, max-snippet:-1, max-image-preview:large, max-video-preview:-1\" \/>\n<link rel=\"canonical\" href=\"https:\/\/beta.river-pub.hr\/index.php\/dogadjanja\/\" \/>\n<meta property=\"og:locale\" content=\"hr_HR\" \/>\n<meta property=\"og:type\" content=\"article\" \/>\n<meta property=\"og:title\" content=\"Doga\u0111anja - River Pub Zagreb\" \/>\n<meta property=\"og:url\" content=\"https:\/\/beta.river-pub.hr\/index.php\/dogadjanja\/\" \/>\n<meta property=\"og:site_name\" content=\"River Pub Zagreb\" \/>\n<meta property=\"article:modified_time\" content=\"2022-02-15T17:59:25+00:00\" \/>\n<meta name=\"twitter:card\" content=\"summary_large_image\" \/>\n<meta name=\"twitter:label1\" content=\"Procijenjeno vrijeme \u010ditanja\" \/>\n\t<meta name=\"twitter:data1\" content=\"7 minuta\" \/>\n<script type=\"application\/ld+json\" class=\"yoast-schema-graph\">{\"@context\":\"https:\/\/schema.org\",\"@graph\":[{\"@type\":\"WebSite\",\"@id\":\"https:\/\/beta.river-pub.hr\/#website\",\"url\":\"https:\/\/beta.river-pub.hr\/\",\"name\":\"River Pub Zagreb\",\"description\":\"Mjesto ugodnih susreta\",\"potentialAction\":[{\"@type\":\"SearchAction\",\"target\":{\"@type\":\"EntryPoint\",\"urlTemplate\":\"https:\/\/beta.river-pub.hr\/?s={search_term_string}\"},\"query-input\":\"required name=search_term_string\"}],\"inLanguage\":\"hr\"},{\"@type\":\"WebPage\",\"@id\":\"https:\/\/beta.river-pub.hr\/index.php\/dogadjanja\/#webpage\",\"url\":\"https:\/\/beta.river-pub.hr\/index.php\/dogadjanja\/\",\"name\":\"Doga\u0111anja - River Pub Zagreb\",\"isPartOf\":{\"@id\":\"https:\/\/beta.river-pub.hr\/#website\"},\"datePublished\":\"2016-06-22T08:18:13+00:00\",\"dateModified\":\"2022-02-15T17:59:25+00:00\",\"breadcrumb\":{\"@id\":\"https:\/\/beta.river-pub.hr\/index.php\/dogadjanja\/#breadcrumb\"},\"inLanguage\":\"hr\",\"potentialAction\":[{\"@type\":\"ReadAction\",\"target\":[\"https:\/\/beta.river-pub.hr\/index.php\/dogadjanja\/\"]}]},{\"@type\":\"BreadcrumbList\",\"@id\":\"https:\/\/beta.river-pub.hr\/index.php\/dogadjanja\/#breadcrumb\",\"itemListElement\":[{\"@type\":\"ListItem\",\"position\":1,\"name\":\"Po\u010detna\",\"item\":\"https:\/\/beta.river-pub.hr\/\"},{\"@type\":\"ListItem\",\"position\":2,\"name\":\"Doga\u0111anja\"}]}]}<\/script>\n<!-- \/ Yoast SEO plugin. -->","yoast_head_json":{"title":"Doga\u0111anja - River Pub Zagreb","robots":{"index":"index","follow":"follow","max-snippet":"max-snippet:-1","max-image-preview":"max-image-preview:large","max-video-preview":"max-video-preview:-1"},"canonical":"https:\/\/beta.river-pub.hr\/index.php\/dogadjanja\/","og_locale":"hr_HR","og_type":"article","og_title":"Doga\u0111anja - River Pub Zagreb","og_url":"https:\/\/beta.river-pub.hr\/index.php\/dogadjanja\/","og_site_name":"River Pub Zagreb","article_modified_time":"2022-02-15T17:59:25+00:00","twitter_card":"summary_large_image","twitter_misc":{"Procijenjeno vrijeme \u010ditanja":"7 minuta"},"schema":{"@context":"https:\/\/schema.org","@graph":[{"@type":"WebSite","@id":"https:\/\/beta.river-pub.hr\/#website","url":"https:\/\/beta.river-pub.hr\/","name":"River Pub Zagreb","description":"Mjesto ugodnih susreta","potentialAction":[{"@type":"SearchAction","target":{"@type":"EntryPoint","urlTemplate":"https:\/\/beta.river-pub.hr\/?s={search_term_string}"},"query-input":"required name=search_term_string"}],"inLanguage":"hr"},{"@type":"WebPage","@id":"https:\/\/beta.river-pub.hr\/index.php\/dogadjanja\/#webpage","url":"https:\/\/beta.river-pub.hr\/index.php\/dogadjanja\/","name":"Doga\u0111anja - River Pub Zagreb","isPartOf":{"@id":"https:\/\/beta.river-pub.hr\/#website"},"datePublished":"2016-06-22T08:18:13+00:00","dateModified":"2022-02-15T17:59:25+00:00","breadcrumb":{"@id":"https:\/\/beta.river-pub.hr\/index.php\/dogadjanja\/#breadcrumb"},"inLanguage":"hr","potentialAction":[{"@type":"ReadAction","target":["https:\/\/beta.river-pub.hr\/index.php\/dogadjanja\/"]}]},{"@type":"BreadcrumbList","@id":"https:\/\/beta.river-pub.hr\/index.php\/dogadjanja\/#breadcrumb","itemListElement":[{"@type":"ListItem","position":1,"name":"Po\u010detna","item":"https:\/\/beta.river-pub.hr\/"},{"@type":"ListItem","position":2,"name":"Doga\u0111anja"}]}]}},"_links":{"self":[{"href":"https:\/\/beta.river-pub.hr\/index.php\/wp-json\/wp\/v2\/pages\/11812","targetHints":{"allow":["GET"]}}],"collection":[{"href":"https:\/\/beta.river-pub.hr\/index.php\/wp-json\/wp\/v2\/pages"}],"about":[{"href":"https:\/\/beta.river-pub.hr\/index.php\/wp-json\/wp\/v2\/types\/page"}],"author":[{"embeddable":true,"href":"https:\/\/beta.river-pub.hr\/index.php\/wp-json\/wp\/v2\/users\/1"}],"replies":[{"embeddable":true,"href":"https:\/\/beta.river-pub.hr\/index.php\/wp-json\/wp\/v2\/comments?post=11812"}],"version-history":[{"count":3,"href":"https:\/\/beta.river-pub.hr\/index.php\/wp-json\/wp\/v2\/pages\/11812\/revisions"}],"predecessor-version":[{"id":14242,"href":"https:\/\/beta.river-pub.hr\/index.php\/wp-json\/wp\/v2\/pages\/11812\/revisions\/14242"}],"wp:attachment":[{"href":"https:\/\/beta.river-pub.hr\/index.php\/wp-json\/wp\/v2\/media?parent=11812"}],"curies":[{"name":"wp","href":"https:\/\/api.w.org\/{rel}","templated":true}]}}