{"id":14181,"date":"2022-02-15T10:13:55","date_gmt":"2022-02-15T10:13:55","guid":{"rendered":"https:\/\/beta.river-pub.hr\/?page_id=14181"},"modified":"2022-02-15T17:53:10","modified_gmt":"2022-02-15T17:53:10","slug":"prigodne-svecanosti","status":"publish","type":"page","link":"https:\/\/beta.river-pub.hr\/index.php\/prigodne-svecanosti\/","title":{"rendered":"Prigodne sve\u010danosti"},"content":{"rendered":"<div id=\"cmsmasters_row_\" class=\"cmsmasters_row cmsmasters_color_scheme_default cmsmasters_row_top_default cmsmasters_row_bot_default cmsmasters_row_boxed\">\n<div class=\"cmsmasters_row_outer_parent\">\n<div class=\"cmsmasters_row_outer\">\n<div class=\"cmsmasters_row_inner\">\n<div class=\"cmsmasters_row_margin\">\n<div id=\"cmsmasters_column_\" class=\"cmsmasters_column one_first\">\n<div class=\"cmsmasters_column_inner\"><div class=\"cmsmasters_text\">\n<p>&nbsp;<\/p>\n<\/div>\n<\/div><\/div>\n<\/div>\n<\/div>\n<\/div>\n<\/div>\n<\/div>\n<div id=\"cmsmasters_row_d9fvtl60ez\" class=\"cmsmasters_row cmsmasters_color_scheme_default cmsmasters_row_top_default cmsmasters_row_bot_default cmsmasters_row_boxed\">\n<div class=\"cmsmasters_row_outer_parent\">\n<div class=\"cmsmasters_row_outer\">\n<div class=\"cmsmasters_row_inner\">\n<div class=\"cmsmasters_row_margin\">\n<div id=\"cmsmasters_column_38edf3e782\" class=\"cmsmasters_column one_first\">\n<div class=\"cmsmasters_column_inner\"><div id=\"cmsmasters_heading_ng65stajf\" class=\"cmsmasters_heading_wrap cmsmasters_heading_align_center\">\n\t<h5 class=\"cmsmasters_heading\">Prigodne sve\u010danosti u River Pubu<\/h5>\n<\/div><div id=\"cmsmasters_heading_8p9j8bk8rr\" class=\"cmsmasters_heading_wrap cmsmasters_heading_align_center\">\n\t<h2 class=\"cmsmasters_heading\">U restoranu je mogu\u0107e organizirati i proslave do 140 osoba.<\/h2>\n<\/div><div id=\"cmsmasters_fb_dvsbjr3uew\" class=\"cmsmasters_featured_block\">\n<div class=\"featured_block_inner\">\n<div class=\"featured_block_text\">\n<p style=\"text-align: center;\"><span style=\"color: #392d28; font-size: 20px; line-height: 34px;\">River Pub organizira prigodne sve\u010danosti i prijeme do 140 osoba. Slavite li ro\u0111endan ili neku drugu obljetnicu, bo\u017ei\u0107ne domjenke, kr\u0161tenja, krizme, studentske promocije i sl., nudimo Vam jela a&#8217; la cart ili po dogovoru kreiramo prigodni menu.<\/span><\/p>\n<h2 style=\"text-align: center;\">Svadbe<\/h2>\n<h3 style=\"text-align: center;\">Organiziramo i svadbe u restoranu River Pub.<\/h3>\n<h3 style=\"text-align: center;\">Za sve detalje, nazovite nas na telefon.<\/h3>\n\n<\/div>\n<\/div>\n<\/div>\n<\/div><\/div>\n<\/div>\n<\/div>\n<\/div>\n<\/div>\n<\/div>\n<div id=\"cmsmasters_row_\" class=\"cmsmasters_row cmsmasters_color_scheme_default cmsmasters_row_top_default cmsmasters_row_bot_default cmsmasters_row_boxed\">\n<div class=\"cmsmasters_row_outer_parent\">\n<div class=\"cmsmasters_row_outer\">\n<div class=\"cmsmasters_row_inner\">\n<div class=\"cmsmasters_row_margin\">\n<div id=\"cmsmasters_column_\" class=\"cmsmasters_column one_first\">\n<div class=\"cmsmasters_column_inner\"><div class=\"cmsmasters_text\">\n<p>&nbsp;<\/p>\n<\/div>\n<\/div><\/div>\n<\/div>\n<\/div>\n<\/div>\n<\/div>\n<\/div>\n<div id=\"cmsmasters_row_wf7xyxtrxe\" class=\"cmsmasters_row cmsmasters_color_scheme_default cmsmasters_row_top_default cmsmasters_row_bot_default cmsmasters_row_fullwidth\">\n<div class=\"cmsmasters_row_outer_parent\">\n<div class=\"cmsmasters_row_outer\">\n<div class=\"cmsmasters_row_inner cmsmasters_row_fullwidth\">\n<div class=\"cmsmasters_row_margin\">\n<div id=\"cmsmasters_column_6c18a43c87\" class=\"cmsmasters_column one_first\">\n<div class=\"cmsmasters_column_inner\"><div id=\"cmsmasters_fb_ozrx3h4pv\" class=\"cmsmasters_featured_block cmsmasters_ios_bg\">\n<div class=\"featured_block_inner\">\n<div class=\"featured_block_text\">\n<div id=\"cmsmasters_heading_ozrx3h4pv\" class=\"cmsmasters_heading_wrap cmsmasters_heading_align_center\">\n\t<h5 class=\"cmsmasters_heading\">River PUB se nalazi u Zagrebu, na Jarunu, u neposrednoj blizini Studentskog doma &#8220;Stjepan Radi\u0107&#8221;, na isto\u010dnoj strani Doma odbojke. Neposredno uz restoran nalazi se veliki parking, a 40 parkirali\u0161nih mjesta je osigurano za goste restorana.<br \/>\n<\/h5>\n<\/div><div id=\"cmsmasters_heading_ozrx3h4pv\" class=\"cmsmasters_heading_wrap cmsmasters_heading_align_center\">\n\t<h5 class=\"cmsmasters_heading\">&#8230; <\/h5>\n<\/div><div id=\"cmsmasters_button_ozrx3h4pv\" class=\"button_wrap\"><a href=\"http:\/\/porter-pub.cmsmasters.net\/reservation\/\" class=\"cmsmasters_button\"><span>Rezervirajte mjesto<\/span><\/a><\/div>\n\n<\/div>\n<\/div>\n<\/div>\n<\/div><\/div>\n<\/div>\n<\/div>\n<\/div>\n<\/div>\n<\/div>\n<div id=\"cmsmasters_row_zo06dk4v2u\" class=\"cmsmasters_row cmsmasters_color_scheme_default cmsmasters_row_top_default cmsmasters_row_bot_default cmsmasters_row_boxed\">\n<div class=\"cmsmasters_row_outer_parent\">\n<div class=\"cmsmasters_row_outer\">\n<div class=\"cmsmasters_row_inner\">\n<div class=\"cmsmasters_row_margin\">\n<div id=\"cmsmasters_column_f6320846d2\" class=\"cmsmasters_column one_half\">\n<div class=\"cmsmasters_column_inner\"><div id=\"cmsmasters_gallery_tx0bc0hheg\" class=\"cmsmasters_gallery_wrap\" data-type=\"grid\" data-count=\"4\"><ul class=\"cmsmasters_gallery cmsmasters_2 cmsmasters_more_items_loader\"><li class=\"cmsmasters_gallery_item\"><figure><a href=\"https:\/\/beta.river-pub.hr\/wp-content\/uploads\/2022\/02\/RIVER-PUB-0055.jpg\" rel=\"ilightbox[tx0bc0hheg]\"><img loading=\"lazy\" decoding=\"async\" width=\"1343\" height=\"896\" src=\"https:\/\/beta.river-pub.hr\/wp-content\/uploads\/2022\/02\/RIVER-PUB-0055.jpg\" class=\"attachment-full size-full\" alt=\"\" srcset=\"https:\/\/beta.river-pub.hr\/wp-content\/uploads\/2022\/02\/RIVER-PUB-0055.jpg 1343w, https:\/\/beta.river-pub.hr\/wp-content\/uploads\/2022\/02\/RIVER-PUB-0055-300x200.jpg 300w, https:\/\/beta.river-pub.hr\/wp-content\/uploads\/2022\/02\/RIVER-PUB-0055-1024x683.jpg 1024w, https:\/\/beta.river-pub.hr\/wp-content\/uploads\/2022\/02\/RIVER-PUB-0055-768x512.jpg 768w, https:\/\/beta.river-pub.hr\/wp-content\/uploads\/2022\/02\/RIVER-PUB-0055-860x574.jpg 860w, https:\/\/beta.river-pub.hr\/wp-content\/uploads\/2022\/02\/RIVER-PUB-0055-580x387.jpg 580w, https:\/\/beta.river-pub.hr\/wp-content\/uploads\/2022\/02\/RIVER-PUB-0055-1160x774.jpg 1160w, https:\/\/beta.river-pub.hr\/wp-content\/uploads\/2022\/02\/RIVER-PUB-0055-1320x881.jpg 1320w, https:\/\/beta.river-pub.hr\/wp-content\/uploads\/2022\/02\/RIVER-PUB-0055-600x400.jpg 600w\" sizes=\"auto, (max-width: 1343px) 100vw, 1343px\" \/><\/a><\/figure><\/li><li class=\"cmsmasters_gallery_item\"><figure><a href=\"https:\/\/beta.river-pub.hr\/wp-content\/uploads\/2022\/02\/RIVER-PUB-0170.jpg\" rel=\"ilightbox[tx0bc0hheg]\"><img loading=\"lazy\" decoding=\"async\" width=\"1138\" height=\"758\" src=\"https:\/\/beta.river-pub.hr\/wp-content\/uploads\/2022\/02\/RIVER-PUB-0170.jpg\" class=\"attachment-full size-full\" alt=\"\" srcset=\"https:\/\/beta.river-pub.hr\/wp-content\/uploads\/2022\/02\/RIVER-PUB-0170.jpg 1138w, https:\/\/beta.river-pub.hr\/wp-content\/uploads\/2022\/02\/RIVER-PUB-0170-300x200.jpg 300w, https:\/\/beta.river-pub.hr\/wp-content\/uploads\/2022\/02\/RIVER-PUB-0170-1024x682.jpg 1024w, https:\/\/beta.river-pub.hr\/wp-content\/uploads\/2022\/02\/RIVER-PUB-0170-768x512.jpg 768w, https:\/\/beta.river-pub.hr\/wp-content\/uploads\/2022\/02\/RIVER-PUB-0170-580x386.jpg 580w, https:\/\/beta.river-pub.hr\/wp-content\/uploads\/2022\/02\/RIVER-PUB-0170-860x573.jpg 860w, https:\/\/beta.river-pub.hr\/wp-content\/uploads\/2022\/02\/RIVER-PUB-0170-600x400.jpg 600w\" sizes=\"auto, (max-width: 1138px) 100vw, 1138px\" \/><\/a><\/figure><\/li><li class=\"cmsmasters_gallery_item\"><figure><a href=\"https:\/\/beta.river-pub.hr\/wp-content\/uploads\/2022\/02\/RIVER-PUB-0083.jpg\" rel=\"ilightbox[tx0bc0hheg]\"><img loading=\"lazy\" decoding=\"async\" width=\"1264\" height=\"844\" src=\"https:\/\/beta.river-pub.hr\/wp-content\/uploads\/2022\/02\/RIVER-PUB-0083.jpg\" class=\"attachment-full size-full\" alt=\"\" srcset=\"https:\/\/beta.river-pub.hr\/wp-content\/uploads\/2022\/02\/RIVER-PUB-0083.jpg 1264w, https:\/\/beta.river-pub.hr\/wp-content\/uploads\/2022\/02\/RIVER-PUB-0083-300x200.jpg 300w, https:\/\/beta.river-pub.hr\/wp-content\/uploads\/2022\/02\/RIVER-PUB-0083-1024x684.jpg 1024w, https:\/\/beta.river-pub.hr\/wp-content\/uploads\/2022\/02\/RIVER-PUB-0083-768x513.jpg 768w, https:\/\/beta.river-pub.hr\/wp-content\/uploads\/2022\/02\/RIVER-PUB-0083-860x574.jpg 860w, https:\/\/beta.river-pub.hr\/wp-content\/uploads\/2022\/02\/RIVER-PUB-0083-580x387.jpg 580w, https:\/\/beta.river-pub.hr\/wp-content\/uploads\/2022\/02\/RIVER-PUB-0083-1160x775.jpg 1160w, https:\/\/beta.river-pub.hr\/wp-content\/uploads\/2022\/02\/RIVER-PUB-0083-600x401.jpg 600w\" sizes=\"auto, (max-width: 1264px) 100vw, 1264px\" \/><\/a><\/figure><\/li><li class=\"cmsmasters_gallery_item\"><figure><a href=\"https:\/\/beta.river-pub.hr\/wp-content\/uploads\/2022\/02\/RIVER-PUB-0077.jpg\" rel=\"ilightbox[tx0bc0hheg]\"><img loading=\"lazy\" decoding=\"async\" width=\"1314\" height=\"876\" src=\"https:\/\/beta.river-pub.hr\/wp-content\/uploads\/2022\/02\/RIVER-PUB-0077.jpg\" class=\"attachment-full size-full\" alt=\"\" srcset=\"https:\/\/beta.river-pub.hr\/wp-content\/uploads\/2022\/02\/RIVER-PUB-0077.jpg 1314w, https:\/\/beta.river-pub.hr\/wp-content\/uploads\/2022\/02\/RIVER-PUB-0077-300x200.jpg 300w, https:\/\/beta.river-pub.hr\/wp-content\/uploads\/2022\/02\/RIVER-PUB-0077-1024x683.jpg 1024w, https:\/\/beta.river-pub.hr\/wp-content\/uploads\/2022\/02\/RIVER-PUB-0077-768x512.jpg 768w, https:\/\/beta.river-pub.hr\/wp-content\/uploads\/2022\/02\/RIVER-PUB-0077-580x387.jpg 580w, https:\/\/beta.river-pub.hr\/wp-content\/uploads\/2022\/02\/RIVER-PUB-0077-860x573.jpg 860w, https:\/\/beta.river-pub.hr\/wp-content\/uploads\/2022\/02\/RIVER-PUB-0077-1160x773.jpg 1160w, https:\/\/beta.river-pub.hr\/wp-content\/uploads\/2022\/02\/RIVER-PUB-0077-600x400.jpg 600w\" sizes=\"auto, (max-width: 1314px) 100vw, 1314px\" \/><\/a><\/figure><\/li><\/ul><\/div>\n<\/div><\/div>\n<div id=\"cmsmasters_column_85ce52ca0d\" class=\"cmsmasters_column one_half\">\n<div class=\"cmsmasters_column_inner\"><div id=\"cmsmasters_heading_dyoylb6z4\" class=\"cmsmasters_heading_wrap cmsmasters_heading_align_center\">\n\t<h5 class=\"cmsmasters_heading\">Posjetite River Pub<\/h5>\n<\/div><div id=\"cmsmasters_fb_5511cod22l\" class=\"cmsmasters_featured_block\">\n<div class=\"featured_block_inner\">\n<div class=\"featured_block_text\">\n<p><span style=\"color: #392d28; font-size: 20px; line-height: 34px;\">Opustite se i zabavite u ugodnom dru\u0161tvu uz slasne zalogaje koje \u0107e na\u0161i vrsni kuhari pripremiti za Vas.<br \/>\nNjihovo umije\u0107e u spravljanju gastronomskih delicija, osoblje i moderan, decentan interijer restorana doprinijeti \u0107e da svaki trenutak proveden u River Pubu predstavlja svojevrsni mali u\u017eitak, kao i pozivnicu da na\u0161 restoran postane Va\u0161e omiljeno\u00a0mjesto za gastro izlazak.\u00a0<\/span><\/p>\n\n<\/div>\n<\/div>\n<\/div>\n<\/div><\/div>\n<\/div>\n<\/div>\n<\/div>\n<\/div>\n<\/div>\n<div id=\"cmsmasters_row_83avcmcwy\" class=\"cmsmasters_row cmsmasters_color_scheme_second cmsmasters_row_top_default cmsmasters_row_bot_default cmsmasters_row_boxed\">\n<div class=\"cmsmasters_row_outer_parent\">\n<div class=\"cmsmasters_row_outer\">\n<div class=\"cmsmasters_row_inner\">\n<div class=\"cmsmasters_row_margin\">\n<div id=\"cmsmasters_column_8a3bde1341\" class=\"cmsmasters_column one_half\">\n<div class=\"cmsmasters_column_inner\"><div id=\"cmsmasters_heading_nhvi6kn3ei\" class=\"cmsmasters_heading_wrap cmsmasters_heading_align_left\">\n\t<h2 class=\"cmsmasters_heading\">Prijavite se za newsletter<\/h2>\n<\/div>\n<\/div><\/div>\n<div id=\"cmsmasters_column_a4df5a3895\" class=\"cmsmasters_column one_half\">\n<div class=\"cmsmasters_column_inner\">\n<div class=\"cmsmasters_mailpoet\"><\/div>\n<\/div><\/div>\n<\/div>\n<\/div>\n<\/div>\n<\/div>\n<\/div>\n<div id=\"cmsmasters_row_o0bk9lc1pa\" class=\"cmsmasters_row cmsmasters_color_scheme_default cmsmasters_row_top_default cmsmasters_row_bot_default cmsmasters_row_boxed\">\n<div class=\"cmsmasters_row_outer_parent\">\n<div class=\"cmsmasters_row_outer\">\n<div class=\"cmsmasters_row_inner\">\n<div class=\"cmsmasters_row_margin\">\n<div id=\"cmsmasters_column_a7598adcbe\" class=\"cmsmasters_column one_third\">\n<div class=\"cmsmasters_column_inner\"><div id=\"cmsmasters_heading_g1k20dieqi\" class=\"cmsmasters_heading_wrap cmsmasters_heading_align_center\">\n\t<h5 class=\"cmsmasters_heading\">Rezervacija<\/h5>\n<\/div><div id=\"cmsmasters_heading_7tg4tlxmb\" class=\"cmsmasters_heading_wrap cmsmasters_heading_align_center\">\n\t<h5 class=\"cmsmasters_heading\"><a href=\"mailto:#\">afterwork@river-pub.hr<\/a><\/h5>\n<\/div><div id=\"cmsmasters_heading_wpfnndm7im\" class=\"cmsmasters_heading_wrap cmsmasters_heading_align_center\">\n\t<h5 class=\"cmsmasters_heading\">01 3020 777<\/h5>\n<\/div>\n<\/div><\/div>\n<div id=\"cmsmasters_column_dd998457bd\" class=\"cmsmasters_column one_third\">\n<div class=\"cmsmasters_column_inner\"><div id=\"cmsmasters_heading_qeo8fbwpgp\" class=\"cmsmasters_heading_wrap cmsmasters_heading_align_center\">\n\t<h5 class=\"cmsmasters_heading\">Radno vrijeme<\/h5>\n<\/div><div id=\"cmsmasters_heading_nxgknide8\" class=\"cmsmasters_heading_wrap cmsmasters_heading_align_center\">\n\t<h5 class=\"cmsmasters_heading\">Od 10,00 do 24,00 h svaki dan<\/h5>\n<\/div><div id=\"cmsmasters_heading_l4ymrcgo8a\" class=\"cmsmasters_heading_wrap cmsmasters_heading_align_center\">\n\t<h5 class=\"cmsmasters_heading\"><\/h5>\n<\/div>\n<\/div><\/div>\n<div id=\"cmsmasters_column_bef5f81ace\" class=\"cmsmasters_column one_third\">\n<div class=\"cmsmasters_column_inner\"><div id=\"cmsmasters_heading_q26jz5zzp\" class=\"cmsmasters_heading_wrap cmsmasters_heading_align_center\">\n\t<h5 class=\"cmsmasters_heading\">Adresa<\/h5>\n<\/div><div id=\"cmsmasters_heading_aqlh87sr26\" class=\"cmsmasters_heading_wrap cmsmasters_heading_align_center\">\n\t<h5 class=\"cmsmasters_heading\">Jarunska 5, Zagreb<\/h5>\n<\/div><div id=\"cmsmasters_heading_8046l5kc4h\" class=\"cmsmasters_heading_wrap cmsmasters_heading_align_center\">\n\t<h5 class=\"cmsmasters_heading\"><\/h5>\n<\/div>\n<\/div><\/div>\n<\/div>\n<\/div>\n<\/div>\n<\/div>\n<\/div>\n\n","protected":false},"excerpt":{"rendered":"","protected":false},"author":1,"featured_media":0,"parent":0,"menu_order":0,"comment_status":"closed","ping_status":"closed","template":"","meta":{"footnotes":""},"class_list":["post-14181","page","type-page","status-publish","hentry"],"yoast_head":"<!-- This site is optimized with the Yoast SEO plugin v18.0 - https:\/\/yoast.com\/wordpress\/plugins\/seo\/ -->\n<title>Prigodne sve\u010danosti - River Pub Zagreb<\/title>\n<meta name=\"robots\" content=\"index, follow, max-snippet:-1, max-image-preview:large, max-video-preview:-1\" \/>\n<link rel=\"canonical\" href=\"https:\/\/beta.river-pub.hr\/index.php\/prigodne-svecanosti\/\" \/>\n<meta property=\"og:locale\" content=\"hr_HR\" \/>\n<meta property=\"og:type\" content=\"article\" \/>\n<meta property=\"og:title\" content=\"Prigodne sve\u010danosti - River Pub Zagreb\" \/>\n<meta property=\"og:url\" content=\"https:\/\/beta.river-pub.hr\/index.php\/prigodne-svecanosti\/\" \/>\n<meta property=\"og:site_name\" content=\"River Pub Zagreb\" \/>\n<meta property=\"article:modified_time\" content=\"2022-02-15T17:53:10+00:00\" \/>\n<meta name=\"twitter:card\" content=\"summary_large_image\" \/>\n<meta name=\"twitter:label1\" content=\"Procijenjeno vrijeme \u010ditanja\" \/>\n\t<meta name=\"twitter:data1\" content=\"3 minute\" \/>\n<script type=\"application\/ld+json\" class=\"yoast-schema-graph\">{\"@context\":\"https:\/\/schema.org\",\"@graph\":[{\"@type\":\"WebSite\",\"@id\":\"https:\/\/beta.river-pub.hr\/#website\",\"url\":\"https:\/\/beta.river-pub.hr\/\",\"name\":\"River Pub Zagreb\",\"description\":\"Mjesto ugodnih susreta\",\"potentialAction\":[{\"@type\":\"SearchAction\",\"target\":{\"@type\":\"EntryPoint\",\"urlTemplate\":\"https:\/\/beta.river-pub.hr\/?s={search_term_string}\"},\"query-input\":\"required name=search_term_string\"}],\"inLanguage\":\"hr\"},{\"@type\":\"WebPage\",\"@id\":\"https:\/\/beta.river-pub.hr\/index.php\/prigodne-svecanosti\/#webpage\",\"url\":\"https:\/\/beta.river-pub.hr\/index.php\/prigodne-svecanosti\/\",\"name\":\"Prigodne sve\u010danosti - River Pub Zagreb\",\"isPartOf\":{\"@id\":\"https:\/\/beta.river-pub.hr\/#website\"},\"datePublished\":\"2022-02-15T10:13:55+00:00\",\"dateModified\":\"2022-02-15T17:53:10+00:00\",\"breadcrumb\":{\"@id\":\"https:\/\/beta.river-pub.hr\/index.php\/prigodne-svecanosti\/#breadcrumb\"},\"inLanguage\":\"hr\",\"potentialAction\":[{\"@type\":\"ReadAction\",\"target\":[\"https:\/\/beta.river-pub.hr\/index.php\/prigodne-svecanosti\/\"]}]},{\"@type\":\"BreadcrumbList\",\"@id\":\"https:\/\/beta.river-pub.hr\/index.php\/prigodne-svecanosti\/#breadcrumb\",\"itemListElement\":[{\"@type\":\"ListItem\",\"position\":1,\"name\":\"Po\u010detna\",\"item\":\"https:\/\/beta.river-pub.hr\/\"},{\"@type\":\"ListItem\",\"position\":2,\"name\":\"Prigodne sve\u010danosti\"}]}]}<\/script>\n<!-- \/ Yoast SEO plugin. -->","yoast_head_json":{"title":"Prigodne sve\u010danosti - River Pub Zagreb","robots":{"index":"index","follow":"follow","max-snippet":"max-snippet:-1","max-image-preview":"max-image-preview:large","max-video-preview":"max-video-preview:-1"},"canonical":"https:\/\/beta.river-pub.hr\/index.php\/prigodne-svecanosti\/","og_locale":"hr_HR","og_type":"article","og_title":"Prigodne sve\u010danosti - River Pub Zagreb","og_url":"https:\/\/beta.river-pub.hr\/index.php\/prigodne-svecanosti\/","og_site_name":"River Pub Zagreb","article_modified_time":"2022-02-15T17:53:10+00:00","twitter_card":"summary_large_image","twitter_misc":{"Procijenjeno vrijeme \u010ditanja":"3 minute"},"schema":{"@context":"https:\/\/schema.org","@graph":[{"@type":"WebSite","@id":"https:\/\/beta.river-pub.hr\/#website","url":"https:\/\/beta.river-pub.hr\/","name":"River Pub Zagreb","description":"Mjesto ugodnih susreta","potentialAction":[{"@type":"SearchAction","target":{"@type":"EntryPoint","urlTemplate":"https:\/\/beta.river-pub.hr\/?s={search_term_string}"},"query-input":"required name=search_term_string"}],"inLanguage":"hr"},{"@type":"WebPage","@id":"https:\/\/beta.river-pub.hr\/index.php\/prigodne-svecanosti\/#webpage","url":"https:\/\/beta.river-pub.hr\/index.php\/prigodne-svecanosti\/","name":"Prigodne sve\u010danosti - River Pub Zagreb","isPartOf":{"@id":"https:\/\/beta.river-pub.hr\/#website"},"datePublished":"2022-02-15T10:13:55+00:00","dateModified":"2022-02-15T17:53:10+00:00","breadcrumb":{"@id":"https:\/\/beta.river-pub.hr\/index.php\/prigodne-svecanosti\/#breadcrumb"},"inLanguage":"hr","potentialAction":[{"@type":"ReadAction","target":["https:\/\/beta.river-pub.hr\/index.php\/prigodne-svecanosti\/"]}]},{"@type":"BreadcrumbList","@id":"https:\/\/beta.river-pub.hr\/index.php\/prigodne-svecanosti\/#breadcrumb","itemListElement":[{"@type":"ListItem","position":1,"name":"Po\u010detna","item":"https:\/\/beta.river-pub.hr\/"},{"@type":"ListItem","position":2,"name":"Prigodne sve\u010danosti"}]}]}},"_links":{"self":[{"href":"https:\/\/beta.river-pub.hr\/index.php\/wp-json\/wp\/v2\/pages\/14181","targetHints":{"allow":["GET"]}}],"collection":[{"href":"https:\/\/beta.river-pub.hr\/index.php\/wp-json\/wp\/v2\/pages"}],"about":[{"href":"https:\/\/beta.river-pub.hr\/index.php\/wp-json\/wp\/v2\/types\/page"}],"author":[{"embeddable":true,"href":"https:\/\/beta.river-pub.hr\/index.php\/wp-json\/wp\/v2\/users\/1"}],"replies":[{"embeddable":true,"href":"https:\/\/beta.river-pub.hr\/index.php\/wp-json\/wp\/v2\/comments?post=14181"}],"version-history":[{"count":10,"href":"https:\/\/beta.river-pub.hr\/index.php\/wp-json\/wp\/v2\/pages\/14181\/revisions"}],"predecessor-version":[{"id":14241,"href":"https:\/\/beta.river-pub.hr\/index.php\/wp-json\/wp\/v2\/pages\/14181\/revisions\/14241"}],"wp:attachment":[{"href":"https:\/\/beta.river-pub.hr\/index.php\/wp-json\/wp\/v2\/media?parent=14181"}],"curies":[{"name":"wp","href":"https:\/\/api.w.org\/{rel}","templated":true}]}}